{"id":1315,"date":"2020-02-16T09:28:14","date_gmt":"2020-02-16T09:28:14","guid":{"rendered":"https:\/\/chrystus.pl\/?page_id=1315"},"modified":"2022-01-08T22:59:49","modified_gmt":"2022-01-08T22:59:49","slug":"statystyki-seo-strony","status":"publish","type":"page","link":"https:\/\/chrystus.pl\/sk\/statystyki-seo-strony\/","title":{"rendered":"Christ.pl - SEO \u0161tatistika str\u00e1nok"},"content":{"rendered":"<p><iframe width=\"800\" height=\"1250\" src=\"https:\/\/datastudio.google.com\/embed\/reporting\/1BaND0_77RtCEdF6rQXVMnQ-Ivf7rY8uz\/page\/XLVv\" frameborder=\"0\" style=\"border:0\" allowfullscreen=\"\"><\/iframe><\/p>","protected":false},"excerpt":{"rendered":"","protected":false},"author":1,"featured_media":1319,"parent":0,"menu_order":0,"comment_status":"closed","ping_status":"closed","template":"","meta":{"footnotes":""},"class_list":["post-1315","page","type-page","status-publish","has-post-thumbnail","hentry"],"yoast_head":"<!-- This site is optimized with the Yoast SEO plugin v27.4 - https:\/\/yoast.com\/product\/yoast-seo-wordpress\/ -->\n<title>Chrystus.pl - Statystyki SEO Strony - Chrystus<\/title>\n<meta name=\"robots\" content=\"noindex, nofollow\" \/>\n<meta property=\"og:locale\" content=\"sk_SK\" \/>\n<meta property=\"og:type\" content=\"article\" \/>\n<meta property=\"og:title\" content=\"Chrystus.pl - Statystyki SEO Strony\" \/>\n<meta property=\"og:url\" content=\"https:\/\/chrystus.pl\/sk\/statistiky-seo-stranky\/\" \/>\n<meta property=\"og:site_name\" content=\"Chrystus\" \/>\n<meta property=\"article:modified_time\" content=\"2022-01-08T22:59:49+00:00\" \/>\n<meta property=\"og:image\" content=\"https:\/\/chrystus.pl\/wp-content\/uploads\/2020\/02\/Screenshot-2020-02-16-09.30.21.png\" \/>\n\t<meta property=\"og:image:width\" content=\"1504\" \/>\n\t<meta property=\"og:image:height\" content=\"1416\" \/>\n\t<meta property=\"og:image:type\" content=\"image\/png\" \/>\n<meta name=\"twitter:card\" content=\"summary_large_image\" \/>\n<meta name=\"twitter:title\" content=\"Chrystus.pl - Statystyki SEO Strony\" \/>\n<meta name=\"twitter:image\" content=\"https:\/\/chrystus.pl\/wp-content\/uploads\/2020\/02\/Screenshot-2020-02-16-09.30.21.png\" \/>\n<!-- \/ Yoast SEO plugin. -->","yoast_head_json":{"title":"Christ.com - SEO \u0160tatistiky str\u00e1nok - Christ","robots":{"index":"noindex","follow":"nofollow"},"og_locale":"sk_SK","og_type":"article","og_title":"Chrystus.pl - Statystyki SEO Strony","og_url":"https:\/\/chrystus.pl\/sk\/statistiky-seo-stranky\/","og_site_name":"Chrystus","article_modified_time":"2022-01-08T22:59:49+00:00","og_image":[{"width":1504,"height":1416,"url":"https:\/\/chrystus.pl\/wp-content\/uploads\/2020\/02\/Screenshot-2020-02-16-09.30.21.png","type":"image\/png"}],"twitter_card":"summary_large_image","twitter_title":"Chrystus.pl - Statystyki SEO Strony","twitter_image":"https:\/\/chrystus.pl\/wp-content\/uploads\/2020\/02\/Screenshot-2020-02-16-09.30.21.png","schema":{"@context":"https:\/\/schema.org","@graph":[{"@type":"WebPage","@id":"https:\/\/chrystus.pl\/sk\/statistiky-seo-stranky\/","url":"https:\/\/chrystus.pl\/sk\/statistiky-seo-stranky\/","name":"Christ.com - SEO \u0160tatistiky str\u00e1nok - Christ","isPartOf":{"@id":"https:\/\/chrystus.pl\/#website"},"primaryImageOfPage":{"@id":"https:\/\/chrystus.pl\/sk\/statistiky-seo-stranky\/#primaryimage"},"image":{"@id":"https:\/\/chrystus.pl\/sk\/statistiky-seo-stranky\/#primaryimage"},"thumbnailUrl":"https:\/\/chrystus.pl\/wp-content\/uploads\/2020\/02\/Screenshot-2020-02-16-09.30.21.png","datePublished":"2020-02-16T09:28:14+00:00","dateModified":"2022-01-08T22:59:49+00:00","breadcrumb":{"@id":"https:\/\/chrystus.pl\/sk\/statistiky-seo-stranky\/#breadcrumb"},"inLanguage":"sk-SK","potentialAction":[{"@type":"ReadAction","target":["https:\/\/chrystus.pl\/sk\/statistiky-seo-stranky\/"]}]},{"@type":"ImageObject","inLanguage":"sk-SK","@id":"https:\/\/chrystus.pl\/sk\/statistiky-seo-stranky\/#primaryimage","url":"https:\/\/chrystus.pl\/wp-content\/uploads\/2020\/02\/Screenshot-2020-02-16-09.30.21.png","contentUrl":"https:\/\/chrystus.pl\/wp-content\/uploads\/2020\/02\/Screenshot-2020-02-16-09.30.21.png","width":1504,"height":1416},{"@type":"BreadcrumbList","@id":"https:\/\/chrystus.pl\/sk\/statistiky-seo-stranky\/#breadcrumb","itemListElement":[{"@type":"ListItem","position":1,"name":"Strona g\u0142\u00f3wna","item":"https:\/\/chrystus.pl\/"},{"@type":"ListItem","position":2,"name":"Chrystus.pl &#8211; Statystyki SEO Strony"}]},{"@type":"WebSite","@id":"https:\/\/chrystus.pl\/#website","url":"https:\/\/chrystus.pl\/","name":"Kristus","description":"Boh, M\u00e1ria, Je\u017ei\u0161, prij\u00edmanie a \u010fal\u0161ie","publisher":{"@id":"https:\/\/chrystus.pl\/#organization"},"potentialAction":[{"@type":"SearchAction","target":{"@type":"EntryPoint","urlTemplate":"https:\/\/chrystus.pl\/?s={search_term_string}"},"query-input":{"@type":"PropertyValueSpecification","valueRequired":true,"valueName":"search_term_string"}}],"inLanguage":"sk-SK"},{"@type":"Organization","@id":"https:\/\/chrystus.pl\/#organization","name":"Christ.pl","url":"https:\/\/chrystus.pl\/","logo":{"@type":"ImageObject","inLanguage":"sk-SK","@id":"https:\/\/chrystus.pl\/#\/schema\/logo\/image\/","url":"https:\/\/chrystus.pl\/wp-content\/uploads\/2019\/03\/chrystus-bog-maryja-komunia-bierzmowanie.jpg","contentUrl":"https:\/\/chrystus.pl\/wp-content\/uploads\/2019\/03\/chrystus-bog-maryja-komunia-bierzmowanie.jpg","width":1920,"height":1280,"caption":"Chrystus.pl"},"image":{"@id":"https:\/\/chrystus.pl\/#\/schema\/logo\/image\/"}}]}},"_links":{"self":[{"href":"https:\/\/chrystus.pl\/sk\/wp-json\/wp\/v2\/pages\/1315","targetHints":{"allow":["GET"]}}],"collection":[{"href":"https:\/\/chrystus.pl\/sk\/wp-json\/wp\/v2\/pages"}],"about":[{"href":"https:\/\/chrystus.pl\/sk\/wp-json\/wp\/v2\/types\/page"}],"author":[{"embeddable":true,"href":"https:\/\/chrystus.pl\/sk\/wp-json\/wp\/v2\/users\/1"}],"replies":[{"embeddable":true,"href":"https:\/\/chrystus.pl\/sk\/wp-json\/wp\/v2\/comments?post=1315"}],"version-history":[{"count":0,"href":"https:\/\/chrystus.pl\/sk\/wp-json\/wp\/v2\/pages\/1315\/revisions"}],"wp:featuredmedia":[{"embeddable":true,"href":"https:\/\/chrystus.pl\/sk\/wp-json\/wp\/v2\/media\/1319"}],"wp:attachment":[{"href":"https:\/\/chrystus.pl\/sk\/wp-json\/wp\/v2\/media?parent=1315"}],"curies":[{"name":"wp","href":"https:\/\/api.w.org\/{rel}","templated":true}]}}