{"id":9,"date":"2019-03-18T22:52:55","date_gmt":"2019-03-18T22:52:55","guid":{"rendered":"https:\/\/chrystus.pl\/najczesciej-zadawane-pytania\/"},"modified":"2019-03-29T11:42:25","modified_gmt":"2019-03-29T11:42:25","slug":"najczesciej-zadawane-pytania","status":"publish","type":"page","link":"https:\/\/chrystus.pl\/sl\/najczesciej-zadawane-pytania\/","title":{"rendered":"Pogosto zastavljena vpra\u0161anja"},"content":{"rendered":"","protected":false},"excerpt":{"rendered":"","protected":false},"author":1,"featured_media":132,"parent":0,"menu_order":0,"comment_status":"closed","ping_status":"closed","template":"template-homepage.php","meta":{"footnotes":""},"class_list":["post-9","page","type-page","status-publish","has-post-thumbnail","hentry"],"yoast_head":"<!-- This site is optimized with the Yoast SEO plugin v27.3 - https:\/\/yoast.com\/product\/yoast-seo-wordpress\/ -->\n<title>Jezus, Maryja, B\u00f3g - odpowiedzi na pytania | Chrystus PL<\/title>\n<meta name=\"description\" content=\"Wszystko co chcesz wiedzie\u0107 o B\u00f3gu, Maryji, Jezusie Chrystusie ale i Komunii, Bierzmowaniu, Ma\u0142\u017ce\u0144stwie, Piekle, Czy\u015b\u0107cu i Niebie.\" \/>\n<meta name=\"robots\" content=\"index, follow, max-snippet:-1, max-image-preview:large, max-video-preview:-1\" \/>\n<link rel=\"canonical\" href=\"https:\/\/chrystus.pl\/sl\/pogosto-zastavljena-vprasanja\/\" \/>\n<meta property=\"og:locale\" content=\"sl_SI\" \/>\n<meta property=\"og:type\" content=\"article\" \/>\n<meta property=\"og:title\" content=\"Jezus, Maryja, B\u00f3g - odpowiedzi na pytania | Chrystus PL\" \/>\n<meta property=\"og:description\" content=\"Wszystko co chcesz wiedzie\u0107 o B\u00f3gu, Maryji, Jezusie Chrystusie ale i Komunii, Bierzmowaniu, Ma\u0142\u017ce\u0144stwie, Piekle, Czy\u015b\u0107cu i Niebie.\" \/>\n<meta property=\"og:url\" content=\"https:\/\/chrystus.pl\/sl\/pogosto-zastavljena-vprasanja\/\" \/>\n<meta property=\"og:site_name\" content=\"Chrystus\" \/>\n<meta property=\"article:modified_time\" content=\"2019-03-29T11:42:25+00:00\" \/>\n<meta property=\"og:image\" content=\"https:\/\/chrystus.pl\/wp-content\/uploads\/2019\/03\/chrystus.jpg\" \/>\n\t<meta property=\"og:image:width\" content=\"1280\" \/>\n\t<meta property=\"og:image:height\" content=\"960\" \/>\n\t<meta property=\"og:image:type\" content=\"image\/jpeg\" \/>\n<meta name=\"twitter:card\" content=\"summary_large_image\" \/>\n<!-- \/ Yoast SEO plugin. -->","yoast_head_json":{"title":"Jezus, Marija, Bog - odgovori na vpra\u0161anja | Kristus SL","description":"Vse, kar \u017eelite vedeti o Bogu, Mariji, Jezusu Kristusu, pa tudi o obhajilu, birmi, poroki, peklu, \u010distilnici in nebesih.","robots":{"index":"index","follow":"follow","max-snippet":"max-snippet:-1","max-image-preview":"max-image-preview:large","max-video-preview":"max-video-preview:-1"},"canonical":"https:\/\/chrystus.pl\/sl\/pogosto-zastavljena-vprasanja\/","og_locale":"sl_SI","og_type":"article","og_title":"Jezus, Maryja, B\u00f3g - odpowiedzi na pytania | Chrystus PL","og_description":"Wszystko co chcesz wiedzie\u0107 o B\u00f3gu, Maryji, Jezusie Chrystusie ale i Komunii, Bierzmowaniu, Ma\u0142\u017ce\u0144stwie, Piekle, Czy\u015b\u0107cu i Niebie.","og_url":"https:\/\/chrystus.pl\/sl\/pogosto-zastavljena-vprasanja\/","og_site_name":"Chrystus","article_modified_time":"2019-03-29T11:42:25+00:00","og_image":[{"width":1280,"height":960,"url":"https:\/\/chrystus.pl\/wp-content\/uploads\/2019\/03\/chrystus.jpg","type":"image\/jpeg"}],"twitter_card":"summary_large_image","schema":{"@context":"https:\/\/schema.org","@graph":[{"@type":"WebPage","@id":"https:\/\/chrystus.pl\/najczesciej-zadawane-pytania\/","url":"https:\/\/chrystus.pl\/najczesciej-zadawane-pytania\/","name":"Jezus, Marija, Bog - odgovori na vpra\u0161anja | Kristus SL","isPartOf":{"@id":"https:\/\/chrystus.pl\/#website"},"primaryImageOfPage":{"@id":"https:\/\/chrystus.pl\/najczesciej-zadawane-pytania\/#primaryimage"},"image":{"@id":"https:\/\/chrystus.pl\/najczesciej-zadawane-pytania\/#primaryimage"},"thumbnailUrl":"https:\/\/chrystus.pl\/wp-content\/uploads\/2019\/03\/chrystus.jpg","datePublished":"2019-03-18T22:52:55+00:00","dateModified":"2019-03-29T11:42:25+00:00","description":"Vse, kar \u017eelite vedeti o Bogu, Mariji, Jezusu Kristusu, pa tudi o obhajilu, birmi, poroki, peklu, \u010distilnici in nebesih.","breadcrumb":{"@id":"https:\/\/chrystus.pl\/najczesciej-zadawane-pytania\/#breadcrumb"},"inLanguage":"sl-SI","potentialAction":[{"@type":"ReadAction","target":["https:\/\/chrystus.pl\/najczesciej-zadawane-pytania\/"]}]},{"@type":"ImageObject","inLanguage":"sl-SI","@id":"https:\/\/chrystus.pl\/najczesciej-zadawane-pytania\/#primaryimage","url":"https:\/\/chrystus.pl\/wp-content\/uploads\/2019\/03\/chrystus.jpg","contentUrl":"https:\/\/chrystus.pl\/wp-content\/uploads\/2019\/03\/chrystus.jpg","width":1280,"height":960,"caption":"chrystus"},{"@type":"BreadcrumbList","@id":"https:\/\/chrystus.pl\/najczesciej-zadawane-pytania\/#breadcrumb","itemListElement":[{"@type":"ListItem","position":1,"name":"Strona g\u0142\u00f3wna","item":"https:\/\/chrystus.pl\/"},{"@type":"ListItem","position":2,"name":"Najcz\u0119\u015bciej Zadawane Pytania"}]},{"@type":"WebSite","@id":"https:\/\/chrystus.pl\/#website","url":"https:\/\/chrystus.pl\/","name":"Kristus","description":"Bog, Marija, Jezus, obhajilo in \u0161e ve\u010d","publisher":{"@id":"https:\/\/chrystus.pl\/#organization"},"potentialAction":[{"@type":"SearchAction","target":{"@type":"EntryPoint","urlTemplate":"https:\/\/chrystus.pl\/?s={search_term_string}"},"query-input":{"@type":"PropertyValueSpecification","valueRequired":true,"valueName":"search_term_string"}}],"inLanguage":"sl-SI"},{"@type":"Organization","@id":"https:\/\/chrystus.pl\/#organization","name":"Kristus.pl","url":"https:\/\/chrystus.pl\/","logo":{"@type":"ImageObject","inLanguage":"sl-SI","@id":"https:\/\/chrystus.pl\/#\/schema\/logo\/image\/","url":"https:\/\/chrystus.pl\/wp-content\/uploads\/2019\/03\/chrystus-bog-maryja-komunia-bierzmowanie.jpg","contentUrl":"https:\/\/chrystus.pl\/wp-content\/uploads\/2019\/03\/chrystus-bog-maryja-komunia-bierzmowanie.jpg","width":1920,"height":1280,"caption":"Chrystus.pl"},"image":{"@id":"https:\/\/chrystus.pl\/#\/schema\/logo\/image\/"}}]}},"_links":{"self":[{"href":"https:\/\/chrystus.pl\/sl\/wp-json\/wp\/v2\/pages\/9","targetHints":{"allow":["GET"]}}],"collection":[{"href":"https:\/\/chrystus.pl\/sl\/wp-json\/wp\/v2\/pages"}],"about":[{"href":"https:\/\/chrystus.pl\/sl\/wp-json\/wp\/v2\/types\/page"}],"author":[{"embeddable":true,"href":"https:\/\/chrystus.pl\/sl\/wp-json\/wp\/v2\/users\/1"}],"replies":[{"embeddable":true,"href":"https:\/\/chrystus.pl\/sl\/wp-json\/wp\/v2\/comments?post=9"}],"version-history":[{"count":0,"href":"https:\/\/chrystus.pl\/sl\/wp-json\/wp\/v2\/pages\/9\/revisions"}],"wp:featuredmedia":[{"embeddable":true,"href":"https:\/\/chrystus.pl\/sl\/wp-json\/wp\/v2\/media\/132"}],"wp:attachment":[{"href":"https:\/\/chrystus.pl\/sl\/wp-json\/wp\/v2\/media?parent=9"}],"curies":[{"name":"wp","href":"https:\/\/api.w.org\/{rel}","templated":true}]}}